{"id":290,"date":"2022-02-24T21:05:51","date_gmt":"2022-02-24T20:05:51","guid":{"rendered":"https:\/\/jaapwagenaar.nl\/wordpress\/?page_id=290"},"modified":"2022-02-24T21:08:49","modified_gmt":"2022-02-24T20:08:49","slug":"fryslan-it-lan-foar-dy-en-my","status":"publish","type":"page","link":"https:\/\/jaapwagenaar.nl\/wordpress\/fryslan-it-lan-foar-dy-en-my\/","title":{"rendered":"Frysl\u00e2n, it l\u00e2n foar dy en my"},"content":{"rendered":"\n<figure class=\"wp-block-audio\"><audio controls src=\"https:\/\/jaapwagenaar.nl\/wordpress\/wp-content\/uploads\/2022\/02\/jaap-wagenaar-fryslan-it-lan-foar-dy-en-my.movie_.mp3\"><\/audio><\/figure>\n\n\n\n<p>[ <a href=\"https:\/\/m.facebook.com\/story.php?story_fbid=3228745710782364&amp;id=100009409016121&amp;sfnsn=mo\" data-type=\"URL\" data-id=\"https:\/\/m.facebook.com\/story.php?story_fbid=3228745710782364&amp;id=100009409016121&amp;sfnsn=mo\" target=\"_blank\" rel=\"noreferrer noopener\">Met beeld op facebook, klik hier<\/a> ]<\/p>\n\n\n\n<p>As de sinne opkomt, rin ik it fjild yn,<br>Sjoch ik de kei gean, en hear de f\u00fbgels<br>De skries dy ropt my en de ljip die antwurt<br>Frysl\u00e2n is it l\u00e2n foar dy en my<\/p>\n\n\n\n<p>refr<\/p>\n\n\n\n<p>Dit l\u00e2n is dyn l\u00e2n,dit l\u00e2n is myn l\u00e2n<br>Fan de iselmarkust oan it noardseestr\u00e2n<br>Fan de griene greiden oan de tichte bosken<br>Frysl\u00e2n is it l\u00e2n foar dy en my<br><br>Under hege loften rin ik myn r\u00fbntsje<br>Op de stille heide en de r\u00fbche s\u00e2ngr\u00fbn<br>De wyn die twirret yn de hege beammen<br>Frysl\u00e2n is it l\u00e2n foar dy en my<\/p>\n\n\n\n<p>Refr.<\/p>\n\n\n\n<p>Gean dan nei it noarden en far de see op<br>Sjoch ik de d\u00fbnen en de weagen r\u00f4ljen<br>En op it eil\u00e2n komt wer dy stim foarby<br>Frysl\u00e2n is it l\u00e2n foar dy en my<\/p>\n\n\n\n<p>Refr.<\/p>\n\n\n\n<p>As ik dan letter yn de grutte st\u00ead bin<br>Sjoch ik al dy minsken der l\u00e2ns de gr\u00eaft gean<br>Op de terrassen klinkt dan de wjerklank<br>Frysl\u00e2n is it l\u00e2n foar dy en my<\/p>\n\n\n\n<p>Refr.<\/p>\n\n\n\n<p>Achter de seedyk en bildtske polders<br>L\u00e2ns rjochte sleaten en lange ekers<br>Stean de ierappels en goudgiel boul\u00e2n<br>Frysl\u00e2n is it l\u00e2n foar dy en my<\/p>\n\n\n\n<p>Refr.<\/p>\n\n\n\n<p>Dit l\u00e2n is har l\u00e2n dit l\u00e2n is syn l\u00e2n<br>Fan de iselmarkust oan it noardseestr\u00e2n<br>Fan de fryske marren oan it klif fan gaasterl\u00e2n<br>Frysl\u00e2n hat plak foar dy en my<\/p>\n\n\n\n<p>Refr.<\/p>\n\n\n\n<p>Dit l\u00e2n is dyn l\u00e2n dit l\u00e2n is myn l\u00e2n<br>Fan de iselmarkust oan it noardseestr\u00e2n<br>Fan de griene greiden oan it klif fan gaasterl\u00e2n<br>Frysl\u00e2n hat plak foar eltsenien<br><\/p>\n","protected":false},"excerpt":{"rendered":"<p>[ Met beeld op facebook, klik hier ] As de sinne opkomt, rin ik it fjild yn,Sjoch ik de kei gean, en hear de f\u00fbgelsDe skries dy ropt my en de ljip die antwurtFrysl\u00e2n is it l\u00e2n foar dy en my refr Dit l\u00e2n is dyn l\u00e2n,dit l\u00e2n is myn l\u00e2nFan de iselmarkust oan it&hellip; <a class=\"more-link\" href=\"https:\/\/jaapwagenaar.nl\/wordpress\/fryslan-it-lan-foar-dy-en-my\/\">Lees verder <span class=\"screen-reader-text\">Frysl\u00e2n, it l\u00e2n foar dy en my<\/span><\/a><\/p>\n","protected":false},"author":1,"featured_media":0,"parent":0,"menu_order":0,"comment_status":"closed","ping_status":"closed","template":"","meta":{"cybocfi_hide_featured_image":"","footnotes":""},"class_list":["post-290","page","type-page","status-publish","hentry","entry"],"_links":{"self":[{"href":"https:\/\/jaapwagenaar.nl\/wordpress\/wp-json\/wp\/v2\/pages\/290","targetHints":{"allow":["GET"]}}],"collection":[{"href":"https:\/\/jaapwagenaar.nl\/wordpress\/wp-json\/wp\/v2\/pages"}],"about":[{"href":"https:\/\/jaapwagenaar.nl\/wordpress\/wp-json\/wp\/v2\/types\/page"}],"author":[{"embeddable":true,"href":"https:\/\/jaapwagenaar.nl\/wordpress\/wp-json\/wp\/v2\/users\/1"}],"replies":[{"embeddable":true,"href":"https:\/\/jaapwagenaar.nl\/wordpress\/wp-json\/wp\/v2\/comments?post=290"}],"version-history":[{"count":3,"href":"https:\/\/jaapwagenaar.nl\/wordpress\/wp-json\/wp\/v2\/pages\/290\/revisions"}],"predecessor-version":[{"id":296,"href":"https:\/\/jaapwagenaar.nl\/wordpress\/wp-json\/wp\/v2\/pages\/290\/revisions\/296"}],"wp:attachment":[{"href":"https:\/\/jaapwagenaar.nl\/wordpress\/wp-json\/wp\/v2\/media?parent=290"}],"curies":[{"name":"wp","href":"https:\/\/api.w.org\/{rel}","templated":true}]}}